{"id":14346,"date":"2020-05-27T22:08:10","date_gmt":"2020-05-27T22:08:10","guid":{"rendered":"http:\/\/www.iri.edu.ar\/?page_id=14346"},"modified":"2024-08-19T10:03:56","modified_gmt":"2024-08-19T13:03:56","slug":"boletines","status":"publish","type":"page","link":"https:\/\/www.iri.edu.ar\/index.php\/boletines\/","title":{"rendered":"Boletines del IRI"},"content":{"rendered":"\n<div class=\"wp-block-columns is-layout-flex wp-container-2 wp-block-columns-is-layout-flex\">\n<div class=\"wp-block-column is-layout-flow wp-block-column-is-layout-flow\" style=\"flex-basis:100%\">\n\t\t\t<div class=\"wp-block-uagb-post-grid uagb-post-grid  uagb-post__image-position-top uagb-post__image-disabled uagb-block-045ab112     uagb-post__items uagb-post__columns-1 is-grid uagb-post__columns-tablet-2 uagb-post__columns-mobile-1 uagb-post__equal-height\" data-total=\"3\" style=\"\">\n\n\t\t\t\t\t\t\t\t\t\t\t\t<article class=\"uagb-post__inner-wrap\">\t\t\t\t\t\t\t\t<h5 class=\"uagb-post__title uagb-post__text\">\n\t\t\t\t<a href=\"https:\/\/www.iri.edu.ar\/index.php\/2026\/03\/13\/boletin-n-60-seguridad-internacional-y-defensa\/\" target=\"_blank\" rel=\"bookmark noopener noreferrer\">Bolet\u00edn n 60 \u2013 Seguridad Internacional y Defensa<\/a>\n\t\t\t<\/h5>\n\t\t\t\t\t\t<div class='uagb-post__text uagb-post-grid-byline'>\n\t\t\t\t\t\t\t\t<time datetime=\"2026-03-13T10:39:04-03:00\" class=\"uagb-post__date\">\n\t\t\t\t<span class=\"dashicons-calendar dashicons\"><\/span>\t\t\t\t\t13 marzo, 2026\t\t\t\t<\/time>\n\t\t\t\t\t\t<\/div>\n\t\t\t\t\t\t\t\t\t\t\t\t<\/article>\n\t\t\t\t\t\t\t\t\t\t\t\t\t\t\t\t<article class=\"uagb-post__inner-wrap\">\t\t\t\t\t\t\t\t<h5 class=\"uagb-post__title uagb-post__text\">\n\t\t\t\t<a href=\"https:\/\/www.iri.edu.ar\/index.php\/2026\/02\/25\/boletin-n-5-observatorio-de-terrorismo\/\" target=\"_blank\" rel=\"bookmark noopener noreferrer\">Bolet\u00edn n 5 \u2013 Observatorio de Terrorismo<\/a>\n\t\t\t<\/h5>\n\t\t\t\t\t\t<div class='uagb-post__text uagb-post-grid-byline'>\n\t\t\t\t\t\t\t\t<time datetime=\"2026-02-25T11:49:06-03:00\" class=\"uagb-post__date\">\n\t\t\t\t<span class=\"dashicons-calendar dashicons\"><\/span>\t\t\t\t\t25 febrero, 2026\t\t\t\t<\/time>\n\t\t\t\t\t\t<\/div>\n\t\t\t\t\t\t\t\t\t\t\t\t<\/article>\n\t\t\t\t\t\t\t\t\t\t\t\t\t\t\t\t<article class=\"uagb-post__inner-wrap\">\t\t\t\t\t\t\t\t<h5 class=\"uagb-post__title uagb-post__text\">\n\t\t\t\t<a href=\"https:\/\/www.iri.edu.ar\/index.php\/2026\/02\/09\/boletin-no-2-grupo-de-estudios-espaciales-y-nucleares\/\" target=\"_blank\" rel=\"bookmark noopener noreferrer\">Boletin n\u00ba 2 \u2013 Grupo de Estudios Espaciales y Nucleares<\/a>\n\t\t\t<\/h5>\n\t\t\t\t\t\t<div class='uagb-post__text uagb-post-grid-byline'>\n\t\t\t\t\t\t\t\t<time datetime=\"2026-02-09T11:01:23-03:00\" class=\"uagb-post__date\">\n\t\t\t\t<span class=\"dashicons-calendar dashicons\"><\/span>\t\t\t\t\t9 febrero, 2026\t\t\t\t<\/time>\n\t\t\t\t\t\t<\/div>\n\t\t\t\t\t\t\t\t\t\t\t\t<\/article>\n\t\t\t\t\t\t\t\t\t\t\t\t\t\t\t\t<article class=\"uagb-post__inner-wrap\">\t\t\t\t\t\t\t\t<h5 class=\"uagb-post__title uagb-post__text\">\n\t\t\t\t<a href=\"https:\/\/www.iri.edu.ar\/index.php\/2025\/12\/22\/boletin-n-94-america-latina-y-el-caribe\/\" target=\"_blank\" rel=\"bookmark noopener noreferrer\">Bolet\u00edn n 94 Am\u00e9rica Latina y el Caribe<\/a>\n\t\t\t<\/h5>\n\t\t\t\t\t\t<div class='uagb-post__text uagb-post-grid-byline'>\n\t\t\t\t\t\t\t\t<time datetime=\"2025-12-22T10:38:28-03:00\" class=\"uagb-post__date\">\n\t\t\t\t<span class=\"dashicons-calendar dashicons\"><\/span>\t\t\t\t\t22 diciembre, 2025\t\t\t\t<\/time>\n\t\t\t\t\t\t<\/div>\n\t\t\t\t\t\t\t\t\t\t\t\t<\/article>\n\t\t\t\t\t\t\t\t\t\t\t\t\t\t\t\t<article class=\"uagb-post__inner-wrap\">\t\t\t\t\t\t\t\t<h5 class=\"uagb-post__title uagb-post__text\">\n\t\t\t\t<a href=\"https:\/\/www.iri.edu.ar\/index.php\/2025\/12\/19\/boletin-n-13-observatorio-en-prevencion-de-lavados-de-activos-y-compliance-oplac\/\" target=\"_blank\" rel=\"bookmark noopener noreferrer\">Boletin n 13 &#8211; Observatorio en Prevenci\u00f3n de lavados de activos y Compliance (OPLAC)<\/a>\n\t\t\t<\/h5>\n\t\t\t\t\t\t<div class='uagb-post__text uagb-post-grid-byline'>\n\t\t\t\t\t\t\t\t<time datetime=\"2025-12-19T12:04:39-03:00\" class=\"uagb-post__date\">\n\t\t\t\t<span class=\"dashicons-calendar dashicons\"><\/span>\t\t\t\t\t19 diciembre, 2025\t\t\t\t<\/time>\n\t\t\t\t\t\t<\/div>\n\t\t\t\t\t\t\t\t\t\t\t\t<\/article>\n\t\t\t\t\t\t\t\t\t\t\t\t\t\t\t\t<article class=\"uagb-post__inner-wrap\">\t\t\t\t\t\t\t\t<h5 class=\"uagb-post__title uagb-post__text\">\n\t\t\t\t<a href=\"https:\/\/www.iri.edu.ar\/index.php\/2025\/11\/17\/analisis-de-coyuntura-n-59-algunas-preguntas-ante-el-rescate-financiero\/\" target=\"_blank\" rel=\"bookmark noopener noreferrer\">An\u00e1lisis de Coyuntura n 59: Algunas preguntas ante el rescate financiero<\/a>\n\t\t\t<\/h5>\n\t\t\t\t\t\t<div class='uagb-post__text uagb-post-grid-byline'>\n\t\t\t\t\t\t\t\t<time datetime=\"2025-11-17T12:04:19-03:00\" class=\"uagb-post__date\">\n\t\t\t\t<span class=\"dashicons-calendar dashicons\"><\/span>\t\t\t\t\t17 noviembre, 2025\t\t\t\t<\/time>\n\t\t\t\t\t\t<\/div>\n\t\t\t\t\t\t\t\t\t\t\t\t<\/article>\n\t\t\t\t\t\t\t\t\t\t\t\t\t\t\t\t<article class=\"uagb-post__inner-wrap\">\t\t\t\t\t\t\t\t<h5 class=\"uagb-post__title uagb-post__text\">\n\t\t\t\t<a href=\"https:\/\/www.iri.edu.ar\/index.php\/2025\/10\/23\/analisis-de-coyuntura-n-58\/\" target=\"_blank\" rel=\"bookmark noopener noreferrer\">An\u00e1lisis de Coyuntura n 58: EEUU entre la segunda enmienda y la agenda de seguridad<\/a>\n\t\t\t<\/h5>\n\t\t\t\t\t\t<div class='uagb-post__text uagb-post-grid-byline'>\n\t\t\t\t\t\t\t\t<time datetime=\"2025-10-23T12:30:54-03:00\" class=\"uagb-post__date\">\n\t\t\t\t<span class=\"dashicons-calendar dashicons\"><\/span>\t\t\t\t\t23 octubre, 2025\t\t\t\t<\/time>\n\t\t\t\t\t\t<\/div>\n\t\t\t\t\t\t\t\t\t\t\t\t<\/article>\n\t\t\t\t\t\t\t\t\t\t\t\t\t\t\t\t<article class=\"uagb-post__inner-wrap\">\t\t\t\t\t\t\t\t<h5 class=\"uagb-post__title uagb-post__text\">\n\t\t\t\t<a href=\"https:\/\/www.iri.edu.ar\/index.php\/2025\/10\/22\/boletin-n-93-america-latina-y-el-caribe\/\" target=\"_blank\" rel=\"bookmark noopener noreferrer\">Bolet\u00edn n 93 Am\u00e9rica Latina y el Caribe<\/a>\n\t\t\t<\/h5>\n\t\t\t\t\t\t<div class='uagb-post__text uagb-post-grid-byline'>\n\t\t\t\t\t\t\t\t<time datetime=\"2025-10-22T10:41:07-03:00\" class=\"uagb-post__date\">\n\t\t\t\t<span class=\"dashicons-calendar dashicons\"><\/span>\t\t\t\t\t22 octubre, 2025\t\t\t\t<\/time>\n\t\t\t\t\t\t<\/div>\n\t\t\t\t\t\t\t\t\t\t\t\t<\/article>\n\t\t\t\t\t\t\t\t\t\t\t\t\t\t\t\t<article class=\"uagb-post__inner-wrap\">\t\t\t\t\t\t\t\t<h5 class=\"uagb-post__title uagb-post__text\">\n\t\t\t\t<a href=\"https:\/\/www.iri.edu.ar\/index.php\/2025\/09\/23\/analisis-de-coyuntura-n-57\/\" target=\"_blank\" rel=\"bookmark noopener noreferrer\">An\u00e1lisis de coyuntura n 57: Impacto de la mundializaci\u00f3n neoliberal, un esquema comparativo: de EEUU &#8211; Francia al Cono Sur<\/a>\n\t\t\t<\/h5>\n\t\t\t\t\t\t<div class='uagb-post__text uagb-post-grid-byline'>\n\t\t\t\t\t\t\t\t<time datetime=\"2025-09-23T13:39:00-03:00\" class=\"uagb-post__date\">\n\t\t\t\t<span class=\"dashicons-calendar dashicons\"><\/span>\t\t\t\t\t23 septiembre, 2025\t\t\t\t<\/time>\n\t\t\t\t\t\t<\/div>\n\t\t\t\t\t\t\t\t\t\t\t\t<\/article>\n\t\t\t\t\t\t\t\t\t\t\t\t\t\t\t\t<article class=\"uagb-post__inner-wrap\">\t\t\t\t\t\t\t\t<h5 class=\"uagb-post__title uagb-post__text\">\n\t\t\t\t<a href=\"https:\/\/www.iri.edu.ar\/index.php\/2025\/09\/04\/analisis-de-coyuntura-n-56\/\" target=\"_blank\" rel=\"bookmark noopener noreferrer\">An\u00e1lisis de coyuntura n 56: Restructuraci\u00f3n de la Pol\u00edtica Exterior argentina: ideolog\u00eda y sobreactuaci\u00f3n.<\/a>\n\t\t\t<\/h5>\n\t\t\t\t\t\t<div class='uagb-post__text uagb-post-grid-byline'>\n\t\t\t\t\t\t\t\t<time datetime=\"2025-09-04T10:01:00-03:00\" class=\"uagb-post__date\">\n\t\t\t\t<span class=\"dashicons-calendar dashicons\"><\/span>\t\t\t\t\t4 septiembre, 2025\t\t\t\t<\/time>\n\t\t\t\t\t\t<\/div>\n\t\t\t\t\t\t\t\t\t\t\t\t<\/article>\n\t\t\t\t\t\t\t\t\t\t\t\t\t\t\t\t<article class=\"uagb-post__inner-wrap\">\t\t\t\t\t\t\t\t<h5 class=\"uagb-post__title uagb-post__text\">\n\t\t\t\t<a href=\"https:\/\/www.iri.edu.ar\/index.php\/2025\/08\/20\/boletin-n-12-observatorio-en-prevencion-de-lavados-de-activos-y-compliance-oplac\/\" target=\"_blank\" rel=\"bookmark noopener noreferrer\">Boletin n 12 &#8211; Observatorio en Prevenci\u00f3n de lavados de activos y Compliance (OPLAC)<\/a>\n\t\t\t<\/h5>\n\t\t\t\t\t\t<div class='uagb-post__text uagb-post-grid-byline'>\n\t\t\t\t\t\t\t\t<time datetime=\"2025-08-20T13:34:06-03:00\" class=\"uagb-post__date\">\n\t\t\t\t<span class=\"dashicons-calendar dashicons\"><\/span>\t\t\t\t\t20 agosto, 2025\t\t\t\t<\/time>\n\t\t\t\t\t\t<\/div>\n\t\t\t\t\t\t\t\t\t\t\t\t<\/article>\n\t\t\t\t\t\t\t\t\t\t\t\t\t\t\t\t<article class=\"uagb-post__inner-wrap\">\t\t\t\t\t\t\t\t<h5 class=\"uagb-post__title uagb-post__text\">\n\t\t\t\t<a href=\"https:\/\/www.iri.edu.ar\/index.php\/2025\/07\/17\/boletin-n-59-seguridad-internacional-y-defensa\/\" target=\"_blank\" rel=\"bookmark noopener noreferrer\">Bolet\u00edn n 59 \u2013 Seguridad Internacional y Defensa<\/a>\n\t\t\t<\/h5>\n\t\t\t\t\t\t<div class='uagb-post__text uagb-post-grid-byline'>\n\t\t\t\t\t\t\t\t<time datetime=\"2025-07-17T11:42:59-03:00\" class=\"uagb-post__date\">\n\t\t\t\t<span class=\"dashicons-calendar dashicons\"><\/span>\t\t\t\t\t17 julio, 2025\t\t\t\t<\/time>\n\t\t\t\t\t\t<\/div>\n\t\t\t\t\t\t\t\t\t\t\t\t<\/article>\n\t\t\t\t\t\t\t\t\t\t\t\t\t\t\t\t<article class=\"uagb-post__inner-wrap\">\t\t\t\t\t\t\t\t<h5 class=\"uagb-post__title uagb-post__text\">\n\t\t\t\t<a href=\"https:\/\/www.iri.edu.ar\/index.php\/2025\/07\/16\/boletin-no-92-america-latina-y-el-caribe\/\" target=\"_blank\" rel=\"bookmark noopener noreferrer\">Bolet\u00edn n\u00ba 92 \u2013 Am\u00e9rica Latina y el Caribe<\/a>\n\t\t\t<\/h5>\n\t\t\t\t\t\t<div class='uagb-post__text uagb-post-grid-byline'>\n\t\t\t\t\t\t\t\t<time datetime=\"2025-07-16T11:13:11-03:00\" class=\"uagb-post__date\">\n\t\t\t\t<span class=\"dashicons-calendar dashicons\"><\/span>\t\t\t\t\t16 julio, 2025\t\t\t\t<\/time>\n\t\t\t\t\t\t<\/div>\n\t\t\t\t\t\t\t\t\t\t\t\t<\/article>\n\t\t\t\t\t\t\t\t\t\t\t\t\t\t\t\t<article class=\"uagb-post__inner-wrap\">\t\t\t\t\t\t\t\t<h5 class=\"uagb-post__title uagb-post__text\">\n\t\t\t\t<a href=\"https:\/\/www.iri.edu.ar\/index.php\/2025\/07\/14\/analisis-de-coyuntura-n-55-trump-vs-musk-entre-aranceles-y-motosierras\/\" target=\"_blank\" rel=\"bookmark noopener noreferrer\">An\u00e1lisis de coyuntura n 55: Trump vs. Musk: entre aranceles y motosierras<\/a>\n\t\t\t<\/h5>\n\t\t\t\t\t\t<div class='uagb-post__text uagb-post-grid-byline'>\n\t\t\t\t\t\t\t\t<time datetime=\"2025-07-14T14:39:16-03:00\" class=\"uagb-post__date\">\n\t\t\t\t<span class=\"dashicons-calendar dashicons\"><\/span>\t\t\t\t\t14 julio, 2025\t\t\t\t<\/time>\n\t\t\t\t\t\t<\/div>\n\t\t\t\t\t\t\t\t\t\t\t\t<\/article>\n\t\t\t\t\t\t\t\t\t\t\t\t\t\t\t\t<article class=\"uagb-post__inner-wrap\">\t\t\t\t\t\t\t\t<h5 class=\"uagb-post__title uagb-post__text\">\n\t\t\t\t<a href=\"https:\/\/www.iri.edu.ar\/index.php\/2025\/06\/19\/analisis-de-coyuntura-n-54-rupturas-y-continuidades-en-la-politica-vaticana-una-mirada-desde-rerum-novarum-al-siglo-xxi\/\" target=\"_blank\" rel=\"bookmark noopener noreferrer\">An\u00e1lisis de coyuntura n 54: Rupturas y continuidades en la pol\u00edtica vaticana: una mirada desde Rerum Novarum al siglo XXI<\/a>\n\t\t\t<\/h5>\n\t\t\t\t\t\t<div class='uagb-post__text uagb-post-grid-byline'>\n\t\t\t\t\t\t\t\t<time datetime=\"2025-06-19T10:32:41-03:00\" class=\"uagb-post__date\">\n\t\t\t\t<span class=\"dashicons-calendar dashicons\"><\/span>\t\t\t\t\t19 junio, 2025\t\t\t\t<\/time>\n\t\t\t\t\t\t<\/div>\n\t\t\t\t\t\t\t\t\t\t\t\t<\/article>\n\t\t\t\t\t\t\t\t\t\t\t\t\t\t\t\t<article class=\"uagb-post__inner-wrap\">\t\t\t\t\t\t\t\t<h5 class=\"uagb-post__title uagb-post__text\">\n\t\t\t\t<a href=\"https:\/\/www.iri.edu.ar\/index.php\/2025\/05\/28\/boletin-n-4-observatorio-de-terrorismo\/\" target=\"_blank\" rel=\"bookmark noopener noreferrer\">Bolet\u00edn n 4 \u2013 Observatorio de Terrorismo<\/a>\n\t\t\t<\/h5>\n\t\t\t\t\t\t<div class='uagb-post__text uagb-post-grid-byline'>\n\t\t\t\t\t\t\t\t<time datetime=\"2025-05-28T12:02:43-03:00\" class=\"uagb-post__date\">\n\t\t\t\t<span class=\"dashicons-calendar dashicons\"><\/span>\t\t\t\t\t28 mayo, 2025\t\t\t\t<\/time>\n\t\t\t\t\t\t<\/div>\n\t\t\t\t\t\t\t\t\t\t\t\t<\/article>\n\t\t\t\t\t\t\t\t\t\t\t\t\t\t\t\t<article class=\"uagb-post__inner-wrap\">\t\t\t\t\t\t\t\t<h5 class=\"uagb-post__title uagb-post__text\">\n\t\t\t\t<a href=\"https:\/\/www.iri.edu.ar\/index.php\/2025\/05\/26\/analisis-de-coyuntura-n-53-libertad-o-prision-el-lugar-del-mercosur-en-la-politica-exterior-libertaria\/\" target=\"_blank\" rel=\"bookmark noopener noreferrer\">An\u00e1lisis de coyuntura n 53: \u201cLibertad o Prisi\u00f3n\u201d. El lugar del MERCOSUR en la pol\u00edtica exterior libertaria<\/a>\n\t\t\t<\/h5>\n\t\t\t\t\t\t<div class='uagb-post__text uagb-post-grid-byline'>\n\t\t\t\t\t\t\t\t<time datetime=\"2025-05-26T11:25:33-03:00\" class=\"uagb-post__date\">\n\t\t\t\t<span class=\"dashicons-calendar dashicons\"><\/span>\t\t\t\t\t26 mayo, 2025\t\t\t\t<\/time>\n\t\t\t\t\t\t<\/div>\n\t\t\t\t\t\t\t\t\t\t\t\t<\/article>\n\t\t\t\t\t\t\t\t\t\t\t\t\t\t\t\t<article class=\"uagb-post__inner-wrap\">\t\t\t\t\t\t\t\t<h5 class=\"uagb-post__title uagb-post__text\">\n\t\t\t\t<a href=\"https:\/\/www.iri.edu.ar\/index.php\/2025\/05\/07\/boletin-n-11-observatorio-en-prevencion-de-lavados-de-activos-y-compliance-oplac\/\" target=\"_blank\" rel=\"bookmark noopener noreferrer\">Boletin n 11 &#8211; Observatorio en Prevenci\u00f3n de lavados de activos y Compliance (OPLAC)<\/a>\n\t\t\t<\/h5>\n\t\t\t\t\t\t<div class='uagb-post__text uagb-post-grid-byline'>\n\t\t\t\t\t\t\t\t<time datetime=\"2025-05-07T11:42:48-03:00\" class=\"uagb-post__date\">\n\t\t\t\t<span class=\"dashicons-calendar dashicons\"><\/span>\t\t\t\t\t7 mayo, 2025\t\t\t\t<\/time>\n\t\t\t\t\t\t<\/div>\n\t\t\t\t\t\t\t\t\t\t\t\t<\/article>\n\t\t\t\t\t\t\t\t\t\t\t\t\t\t\t\t<article class=\"uagb-post__inner-wrap\">\t\t\t\t\t\t\t\t<h5 class=\"uagb-post__title uagb-post__text\">\n\t\t\t\t<a href=\"https:\/\/www.iri.edu.ar\/index.php\/2025\/05\/06\/analisis-de-coyuntura-n-52-cambio-sistemico-e-incertidumbre\/\" target=\"_blank\" rel=\"bookmark noopener noreferrer\">An\u00e1lisis de coyuntura n 52: Cambio sist\u00e9mico e incertidumbre<\/a>\n\t\t\t<\/h5>\n\t\t\t\t\t\t<div class='uagb-post__text uagb-post-grid-byline'>\n\t\t\t\t\t\t\t\t<time datetime=\"2025-05-06T10:37:34-03:00\" class=\"uagb-post__date\">\n\t\t\t\t<span class=\"dashicons-calendar dashicons\"><\/span>\t\t\t\t\t6 mayo, 2025\t\t\t\t<\/time>\n\t\t\t\t\t\t<\/div>\n\t\t\t\t\t\t\t\t\t\t\t\t<\/article>\n\t\t\t\t\t\t\t\t\t\t\t\t\t\t\t\t<article class=\"uagb-post__inner-wrap\">\t\t\t\t\t\t\t\t<h5 class=\"uagb-post__title uagb-post__text\">\n\t\t\t\t<a href=\"https:\/\/www.iri.edu.ar\/index.php\/2025\/04\/15\/boletin-no-91-america-latina-y-el-caribe\/\" target=\"_blank\" rel=\"bookmark noopener noreferrer\">Bolet\u00edn n\u00ba 91 \u2013 Am\u00e9rica Latina y el Caribe<\/a>\n\t\t\t<\/h5>\n\t\t\t\t\t\t<div class='uagb-post__text uagb-post-grid-byline'>\n\t\t\t\t\t\t\t\t<time datetime=\"2025-04-15T11:59:58-03:00\" class=\"uagb-post__date\">\n\t\t\t\t<span class=\"dashicons-calendar dashicons\"><\/span>\t\t\t\t\t15 abril, 2025\t\t\t\t<\/time>\n\t\t\t\t\t\t<\/div>\n\t\t\t\t\t\t\t\t\t\t\t\t<\/article>\n\t\t\t\t\t\t\t\t\t\t\t\t\t\t\t\t<article class=\"uagb-post__inner-wrap\">\t\t\t\t\t\t\t\t<h5 class=\"uagb-post__title uagb-post__text\">\n\t\t\t\t<a href=\"https:\/\/www.iri.edu.ar\/index.php\/2025\/02\/11\/boletin-n-10-observatorio-en-prevencion-de-lavados-de-activos-y-compliance-oplac\/\" target=\"_blank\" rel=\"bookmark noopener noreferrer\">Boletin n 10 &#8211; Observatorio en Prevenci\u00f3n de lavados de activos y Compliance (OPLAC)<\/a>\n\t\t\t<\/h5>\n\t\t\t\t\t\t<div class='uagb-post__text uagb-post-grid-byline'>\n\t\t\t\t\t\t\t\t<time datetime=\"2025-02-11T12:03:13-03:00\" class=\"uagb-post__date\">\n\t\t\t\t<span class=\"dashicons-calendar dashicons\"><\/span>\t\t\t\t\t11 febrero, 2025\t\t\t\t<\/time>\n\t\t\t\t\t\t<\/div>\n\t\t\t\t\t\t\t\t\t\t\t\t<\/article>\n\t\t\t\t\t\t\t\t\t\t\t\t\t\t\t\t<article class=\"uagb-post__inner-wrap\">\t\t\t\t\t\t\t\t<h5 class=\"uagb-post__title uagb-post__text\">\n\t\t\t\t<a href=\"https:\/\/www.iri.edu.ar\/index.php\/2024\/12\/26\/boletin-no-24-derechos-humanos\/\" target=\"_blank\" rel=\"bookmark noopener noreferrer\">Bolet\u00edn n\u00ba 24 \u2013 Derechos Humanos<\/a>\n\t\t\t<\/h5>\n\t\t\t\t\t\t<div class='uagb-post__text uagb-post-grid-byline'>\n\t\t\t\t\t\t\t\t<time datetime=\"2024-12-26T12:48:32-03:00\" class=\"uagb-post__date\">\n\t\t\t\t<span class=\"dashicons-calendar dashicons\"><\/span>\t\t\t\t\t26 diciembre, 2024\t\t\t\t<\/time>\n\t\t\t\t\t\t<\/div>\n\t\t\t\t\t\t\t\t\t\t\t\t<\/article>\n\t\t\t\t\t\t\t\t\t\t\t\t\t\t\t\t<article class=\"uagb-post__inner-wrap\">\t\t\t\t\t\t\t\t<h5 class=\"uagb-post__title uagb-post__text\">\n\t\t\t\t<a href=\"https:\/\/www.iri.edu.ar\/index.php\/2024\/12\/17\/boletin-no-90-america-latina-y-el-caribe\/\" target=\"_blank\" rel=\"bookmark noopener noreferrer\">Bolet\u00edn n\u00ba 90 \u2013 Am\u00e9rica Latina y el Caribe<\/a>\n\t\t\t<\/h5>\n\t\t\t\t\t\t<div class='uagb-post__text uagb-post-grid-byline'>\n\t\t\t\t\t\t\t\t<time datetime=\"2024-12-17T13:04:28-03:00\" class=\"uagb-post__date\">\n\t\t\t\t<span class=\"dashicons-calendar dashicons\"><\/span>\t\t\t\t\t17 diciembre, 2024\t\t\t\t<\/time>\n\t\t\t\t\t\t<\/div>\n\t\t\t\t\t\t\t\t\t\t\t\t<\/article>\n\t\t\t\t\t\t\t\t\t\t\t\t\t\t\t\t<article class=\"uagb-post__inner-wrap\">\t\t\t\t\t\t\t\t<h5 class=\"uagb-post__title uagb-post__text\">\n\t\t\t\t<a href=\"https:\/\/www.iri.edu.ar\/index.php\/2024\/12\/09\/analisis-de-coyuntura-n-51\/\" target=\"_blank\" rel=\"bookmark noopener noreferrer\">An\u00e1lisis de coyuntura n 51: La nueva arquitectura de gobernanza global del BRICS: un multilateralismo pluriversal<\/a>\n\t\t\t<\/h5>\n\t\t\t\t\t\t<div class='uagb-post__text uagb-post-grid-byline'>\n\t\t\t\t\t\t\t\t<time datetime=\"2024-12-09T14:07:09-03:00\" class=\"uagb-post__date\">\n\t\t\t\t<span class=\"dashicons-calendar dashicons\"><\/span>\t\t\t\t\t9 diciembre, 2024\t\t\t\t<\/time>\n\t\t\t\t\t\t<\/div>\n\t\t\t\t\t\t\t\t\t\t\t\t<\/article>\n\t\t\t\t\t\t\t\t\t\t\t\t\t\t\t\t<article class=\"uagb-post__inner-wrap\">\t\t\t\t\t\t\t\t<h5 class=\"uagb-post__title uagb-post__text\">\n\t\t\t\t<a href=\"https:\/\/www.iri.edu.ar\/index.php\/2024\/12\/05\/boletin-n-9-observatorio-en-prevencion-de-lavados-de-activos-y-compliance-oplac\/\" target=\"_blank\" rel=\"bookmark noopener noreferrer\">Bolet\u00edn n 9 &#8211; Observatorio en Prevenci\u00f3n de lavados de activos y Compliance (OPLAC)<\/a>\n\t\t\t<\/h5>\n\t\t\t\t\t\t<div class='uagb-post__text uagb-post-grid-byline'>\n\t\t\t\t\t\t\t\t<time datetime=\"2024-12-05T12:55:53-03:00\" class=\"uagb-post__date\">\n\t\t\t\t<span class=\"dashicons-calendar dashicons\"><\/span>\t\t\t\t\t5 diciembre, 2024\t\t\t\t<\/time>\n\t\t\t\t\t\t<\/div>\n\t\t\t\t\t\t\t\t\t\t\t\t<\/article>\n\t\t\t\t\t\t\t\t\t\t\t\t\t\t\t\t<article class=\"uagb-post__inner-wrap\">\t\t\t\t\t\t\t\t<h5 class=\"uagb-post__title uagb-post__text\">\n\t\t\t\t<a href=\"https:\/\/www.iri.edu.ar\/index.php\/2024\/11\/04\/analisis-de-coyuntura-n-50-estados-1-tecnoutopismo-0-el-conflicto-brasil-elon-musk-en-clave-de-relaciones-internacionales\/\" target=\"_blank\" rel=\"bookmark noopener noreferrer\">An\u00e1lisis de coyuntura N 50: Estados 1 &#8211; Tecnoutopismo \u00bf0? El conflicto Brasil-Elon Musk en clave de Relaciones Internacionales<\/a>\n\t\t\t<\/h5>\n\t\t\t\t\t\t<div class='uagb-post__text uagb-post-grid-byline'>\n\t\t\t\t\t\t\t\t<time datetime=\"2024-11-04T11:40:49-03:00\" class=\"uagb-post__date\">\n\t\t\t\t<span class=\"dashicons-calendar dashicons\"><\/span>\t\t\t\t\t4 noviembre, 2024\t\t\t\t<\/time>\n\t\t\t\t\t\t<\/div>\n\t\t\t\t\t\t\t\t\t\t\t\t<\/article>\n\t\t\t\t\t\t\t\t\t\t\t\t\t\t\t\t<article class=\"uagb-post__inner-wrap\">\t\t\t\t\t\t\t\t<h5 class=\"uagb-post__title uagb-post__text\">\n\t\t\t\t<a href=\"https:\/\/www.iri.edu.ar\/index.php\/2024\/10\/24\/boletin-no-89-america-latina-y-el-caribe\/\" target=\"_blank\" rel=\"bookmark noopener noreferrer\">Bolet\u00edn n\u00ba 89 \u2013 Am\u00e9rica Latina y el Caribe<\/a>\n\t\t\t<\/h5>\n\t\t\t\t\t\t<div class='uagb-post__text uagb-post-grid-byline'>\n\t\t\t\t\t\t\t\t<time datetime=\"2024-10-24T12:57:05-03:00\" class=\"uagb-post__date\">\n\t\t\t\t<span class=\"dashicons-calendar dashicons\"><\/span>\t\t\t\t\t24 octubre, 2024\t\t\t\t<\/time>\n\t\t\t\t\t\t<\/div>\n\t\t\t\t\t\t\t\t\t\t\t\t<\/article>\n\t\t\t\t\t\t\t\t\t\t\t\t\t\t\t\t<article class=\"uagb-post__inner-wrap\">\t\t\t\t\t\t\t\t<h5 class=\"uagb-post__title uagb-post__text\">\n\t\t\t\t<a href=\"https:\/\/www.iri.edu.ar\/index.php\/2024\/10\/15\/analisis-de-coyuntura-n-49-la-alianza-de-los-estados-del-sahel-y-la-reconfiguracion-subregional\/\" target=\"_blank\" rel=\"bookmark noopener noreferrer\">An\u00e1lisis de coyuntura N 49 \u2013 La alianza de los estados del sahel y la reconfiguraci\u00f3n subregional<\/a>\n\t\t\t<\/h5>\n\t\t\t\t\t\t<div class='uagb-post__text uagb-post-grid-byline'>\n\t\t\t\t\t\t\t\t<time datetime=\"2024-10-15T13:01:34-03:00\" class=\"uagb-post__date\">\n\t\t\t\t<span class=\"dashicons-calendar dashicons\"><\/span>\t\t\t\t\t15 octubre, 2024\t\t\t\t<\/time>\n\t\t\t\t\t\t<\/div>\n\t\t\t\t\t\t\t\t\t\t\t\t<\/article>\n\t\t\t\t\t\t\t\t\t\t\t\t\t\t\t\t<article class=\"uagb-post__inner-wrap\">\t\t\t\t\t\t\t\t<h5 class=\"uagb-post__title uagb-post__text\">\n\t\t\t\t<a href=\"https:\/\/www.iri.edu.ar\/index.php\/2024\/09\/03\/boletin-no-23-derechos-humanos\/\" target=\"_blank\" rel=\"bookmark noopener noreferrer\">Bolet\u00edn n\u00ba 23 \u2013 Derechos Humanos<\/a>\n\t\t\t<\/h5>\n\t\t\t\t\t\t<div class='uagb-post__text uagb-post-grid-byline'>\n\t\t\t\t\t\t\t\t<time datetime=\"2024-09-03T11:24:57-03:00\" class=\"uagb-post__date\">\n\t\t\t\t<span class=\"dashicons-calendar dashicons\"><\/span>\t\t\t\t\t3 septiembre, 2024\t\t\t\t<\/time>\n\t\t\t\t\t\t<\/div>\n\t\t\t\t\t\t\t\t\t\t\t\t<\/article>\n\t\t\t\t\t\t\t\t\t\t\t\t\t\t\t\t<article class=\"uagb-post__inner-wrap\">\t\t\t\t\t\t\t\t<h5 class=\"uagb-post__title uagb-post__text\">\n\t\t\t\t<a href=\"https:\/\/www.iri.edu.ar\/index.php\/2024\/08\/19\/analisis-de-coyuntura-n-48-las-nuevas-guerras-en-el-siglo-xxiuna-mirada-a-los-conflictos-contemporaneos\/\" target=\"_blank\" rel=\"bookmark noopener noreferrer\">An\u00e1lisis de coyuntura N 48 &#8211; \u00bfLas \u2018Nuevas Guerras\u2019 en el siglo XXI?Una mirada a los conflictos contempor\u00e1neos<\/a>\n\t\t\t<\/h5>\n\t\t\t\t\t\t<div class='uagb-post__text uagb-post-grid-byline'>\n\t\t\t\t\t\t\t\t<time datetime=\"2024-08-19T10:07:36-03:00\" class=\"uagb-post__date\">\n\t\t\t\t<span class=\"dashicons-calendar dashicons\"><\/span>\t\t\t\t\t19 agosto, 2024\t\t\t\t<\/time>\n\t\t\t\t\t\t<\/div>\n\t\t\t\t\t\t\t\t\t\t\t\t<\/article>\n\t\t\t\t\t\t\t\t\t\t\t\t\t<div class=\"uagb-post-pagination-wrap\">\n\t\t\t\t\t\t<span aria-current=\"page\" class=\"page-numbers current\">1<\/span>\n<a class=\"page-numbers\" href=\"https:\/\/www.iri.edu.ar\/index.php\/wp-json\/wp\/v2\/pages\/14346\/page\/2\/\">2<\/a>\n<a class=\"page-numbers\" href=\"https:\/\/www.iri.edu.ar\/index.php\/wp-json\/wp\/v2\/pages\/14346\/page\/3\/\">3<\/a>\n<a class=\"next page-numbers\" href=\"https:\/\/www.iri.edu.ar\/index.php\/wp-json\/wp\/v2\/pages\/14346\/page\/2\/\">Siguiente \u00bb<\/a>\t\t\t\t\t<\/div>\n\t\t\t\t\t\t\t\t<\/div>\n\t\t\t<\/div>\n<\/div>\n","protected":false},"excerpt":{"rendered":"","protected":false},"author":5,"featured_media":0,"parent":0,"menu_order":0,"comment_status":"closed","ping_status":"closed","template":"","meta":{"_uag_custom_page_level_css":"","_monsterinsights_skip_tracking":false,"_monsterinsights_sitenote_active":false,"_monsterinsights_sitenote_note":"","_monsterinsights_sitenote_category":0,"footnotes":""},"uagb_featured_image_src":{"full":false,"thumbnail":false,"medium":false,"medium_large":false,"large":false,"1536x1536":false,"2048x2048":false,"ocean-thumb-m":false,"ocean-thumb-ml":false,"ocean-thumb-l":false,"sow-carousel-default":false,"sow-blog-portfolio":false,"sow-blog-grid":false,"sow-blog-alternate":false},"uagb_author_info":{"display_name":"Juana Alvarez Eiras","author_link":"https:\/\/www.iri.edu.ar\/index.php\/author\/juana-alvarez-eiras\/"},"uagb_comment_info":0,"uagb_excerpt":null,"_links":{"self":[{"href":"https:\/\/www.iri.edu.ar\/index.php\/wp-json\/wp\/v2\/pages\/14346"}],"collection":[{"href":"https:\/\/www.iri.edu.ar\/index.php\/wp-json\/wp\/v2\/pages"}],"about":[{"href":"https:\/\/www.iri.edu.ar\/index.php\/wp-json\/wp\/v2\/types\/page"}],"author":[{"embeddable":true,"href":"https:\/\/www.iri.edu.ar\/index.php\/wp-json\/wp\/v2\/users\/5"}],"replies":[{"embeddable":true,"href":"https:\/\/www.iri.edu.ar\/index.php\/wp-json\/wp\/v2\/comments?post=14346"}],"version-history":[{"count":20,"href":"https:\/\/www.iri.edu.ar\/index.php\/wp-json\/wp\/v2\/pages\/14346\/revisions"}],"predecessor-version":[{"id":38274,"href":"https:\/\/www.iri.edu.ar\/index.php\/wp-json\/wp\/v2\/pages\/14346\/revisions\/38274"}],"wp:attachment":[{"href":"https:\/\/www.iri.edu.ar\/index.php\/wp-json\/wp\/v2\/media?parent=14346"}],"curies":[{"name":"wp","href":"https:\/\/api.w.org\/{rel}","templated":true}]}}