{"id":28804,"date":"2023-08-10T15:50:53","date_gmt":"2023-08-10T15:50:53","guid":{"rendered":"https:\/\/www.iri.edu.ar\/?page_id=28804"},"modified":"2026-02-03T08:10:04","modified_gmt":"2026-02-03T11:10:04","slug":"organigrama","status":"publish","type":"page","link":"https:\/\/www.iri.edu.ar\/index.php\/organigrama\/","title":{"rendered":"Organigrama"},"content":{"rendered":"\n<h1 class=\"wp-block-heading has-text-align-center\">Organigrama<\/h1>\n\n\n\n<div class=\"wp-block-uagb-container uagb-block-1cf06067 alignfull uagb-is-root-container\"><div class=\"uagb-container-inner-blocks-wrap\">\n<div class=\"indiceSimple\">\n<h2><a href=\"#presentacion\">Presentaci\u00f3n<\/a><\/h2>\n<\/div>\n\n\n\n<h6 style=\"text-align: right;\">\u201cEste es un \u00e1mbito que la Universidad Nacional de La Plata le deb\u00eda a la sociedad argentina\u201d<br \/>Parte del discurso del ex Presidente de la UNLP Prof. Dr. \u00c1ngel L. Plastino con motivo de la inauguraci\u00f3n del Instituto el 28 de septiembre de 1990.<\/h6>\n<p>El Instituto de Relaciones Internacionales fue <a href=\"http:\/\/www.iri.edu.ar\/wp-content\/uploads\/2020\/02\/Creaci\u00f3n-del-Instituto-de-Relaciones-Internacionales.pdf\">creado<\/a> el <strong>28 de noviembre de 1989<\/strong> por el Consejo Superior de la Universidad Nacional de La Plata e inici\u00f3 sus actividades en el \u00e1mbito de la Facultad de Ciencias Jur\u00eddicas y Sociales el <strong>28 de septiembre de 1990<\/strong>, por iniciativa del actual Director Prof. Dr. Norberto Consani<\/p>\n<p>Tiene como fines:<\/p>\n<p>La <strong>ense\u00f1anza<\/strong> a nivel de grado y de post-grado.<br \/>La <strong>extensi\u00f3n<\/strong> con el objetivo de vincularse con todas las instituciones nacionales e internacionales afines.<br \/>La <strong>investigaci\u00f3n<\/strong> con el prop\u00f3sito de aportar nuevos desarrollos al conocimiento de la comunidad internacional.<\/p>\n\n\n\n<h2 class=\"wp-block-heading\">Autoridades<\/h2>\n\n\n\n<div class=\"wp-block-columns is-layout-flex wp-container-4 wp-block-columns-is-layout-flex\">\n<div class=\"wp-block-column is-layout-flow wp-block-column-is-layout-flow\">\n<p><strong>Director<\/strong><br>Norberto E. Consani<br>director@iri.edu.ar<\/p>\n\n\n\n<p><strong>Secretario acad\u00e9mico<\/strong><br>Emiliano Dreon<br>iri@iri.edu.ar<\/p>\n<\/div>\n\n\n\n<div class=\"wp-block-column is-layout-flow wp-block-column-is-layout-flow\">\n<p><strong>\u00c1rea de Dise\u00f1o Gr\u00e1fico<\/strong><br>Juana \u00c1lvarez Eiras<\/p>\n\n\n\n<p><strong>Secretar\u00eda administrativa<\/strong><br>Georgina Gioiosa y Noel\u00ed Scarpelli<\/p>\n\n\n\n<p><strong>\u00c1rea de Inform\u00e1tica y Comunicaci\u00f3n Visual<\/strong><br>Facultad de Ciencias Jur\u00eddicas y Sociales &#8211; UNLP<\/p>\n<\/div>\n\n\n\n<div class=\"wp-block-column is-layout-flow wp-block-column-is-layout-flow\">\n<p><strong>Secretario de Investigaci\u00f3n<\/strong><br>Javier Surasky<br>investigaciones@iri.edu.ar<\/p>\n\n\n\n<p><strong>Biblioteca<\/strong><br>Alejandra Marina Riedel<\/p>\n\n\n\n<p><strong>Traducciones<\/strong><br>Julieta Amorebieta<\/p>\n<\/div>\n<\/div>\n\n\n\n<h2 class=\"wp-block-heading\">Estructura<\/h2>\n\n\n\n<div class=\"wp-block-columns has-ffffff-background-color has-background is-layout-flex wp-container-8 wp-block-columns-is-layout-flex\">\n<div class=\"wp-block-column is-layout-flow wp-block-column-is-layout-flow\"><div class=\"wp-block-image is-style-rounded\">\n<figure class=\"aligncenter size-full is-resized\"><a href=\"http:\/\/www.iri.edu.ar\/wp-content\/uploads\/2023\/08\/imgCentros.png\"><img decoding=\"async\" loading=\"lazy\" width=\"300\" height=\"300\" src=\"http:\/\/www.iri.edu.ar\/wp-content\/uploads\/2023\/08\/imgDepartamentos.png\" alt=\"\" class=\"wp-image-28814\" style=\"width:255px;height:255px\" srcset=\"https:\/\/www.iri.edu.ar\/wp-content\/uploads\/2023\/08\/imgDepartamentos.png 300w, https:\/\/www.iri.edu.ar\/wp-content\/uploads\/2023\/08\/imgDepartamentos-150x150.png 150w\" sizes=\"(max-width: 300px) 100vw, 300px\" \/><\/a><\/figure><\/div><\/div>\n\n\n\n<div class=\"wp-block-column is-layout-flow wp-block-column-is-layout-flow\"><div class=\"wp-block-image is-style-rounded\">\n<figure class=\"aligncenter size-full is-resized\"><a href=\"http:\/\/www.iri.edu.ar\/wp-content\/uploads\/2023\/08\/imgCentros.png\"><img decoding=\"async\" loading=\"lazy\" width=\"300\" height=\"300\" src=\"http:\/\/www.iri.edu.ar\/wp-content\/uploads\/2023\/08\/imgCentros.png\" alt=\"\" class=\"wp-image-28813\" style=\"width:255px;height:255px\" srcset=\"https:\/\/www.iri.edu.ar\/wp-content\/uploads\/2023\/08\/imgCentros.png 300w, https:\/\/www.iri.edu.ar\/wp-content\/uploads\/2023\/08\/imgCentros-150x150.png 150w\" sizes=\"(max-width: 300px) 100vw, 300px\" \/><\/a><\/figure><\/div><\/div>\n\n\n\n<div class=\"wp-block-column is-layout-flow wp-block-column-is-layout-flow\"><div class=\"wp-block-image is-style-rounded\">\n<figure class=\"aligncenter size-full is-resized\"><a href=\"http:\/\/www.iri.edu.ar\/wp-content\/uploads\/2023\/08\/imgCentros.png\"><img decoding=\"async\" loading=\"lazy\" width=\"300\" height=\"300\" src=\"http:\/\/www.iri.edu.ar\/wp-content\/uploads\/2023\/08\/imgCatedras.png\" alt=\"\" class=\"wp-image-28812\" style=\"width:255px;height:255px\" srcset=\"https:\/\/www.iri.edu.ar\/wp-content\/uploads\/2023\/08\/imgCatedras.png 300w, https:\/\/www.iri.edu.ar\/wp-content\/uploads\/2023\/08\/imgCatedras-150x150.png 150w\" sizes=\"(max-width: 300px) 100vw, 300px\" \/><\/a><\/figure><\/div><\/div>\n<\/div>\n\n\n\n<h2 class=\"wp-block-heading\">Biblioteca<\/h2>\n\n\n\n<p>Las actividades de docencia e investigaci\u00f3n que se realizan en el IRI cuentan con el respaldo de su biblioteca, una de las m\u00e1s importantes del pa\u00eds en temas de derecho, pol\u00edtica y econom\u00eda internacional.<\/p>\n<p>La biblioteca es tambi\u00e9n el espacio en el que puede accederse a todas las publicaciones que han sido editadas por el IRI, encontr\u00e1ndose all\u00ed la colecci\u00f3n completa de su Revista de Relaciones Internacionales, sus Anuarios en Relaciones Internacionales y sus diferentes Series de publicaciones: LIBROS, CD-Rom, DVD y VIDEOS.<\/p>\n<p>Secciones especiales de la biblioteca cubren la informaci\u00f3n espec\u00edfica que requiere el trabajo de los Departamentos que integran el Instituto.<\/p>\n<p>Tambi\u00e9n en el \u00e1mbito de la biblioteca los investigadores, y todas aquellas personas interesadas consultar su material, cuentan con un espacio para el desarrollo de sus actividades.<\/p>\n<p>La biblioteca posee adem\u00e1s una hemeroteca que re\u00fane publicaciones peri\u00f3dicas nacionales y extranjeras y diarios nacionales.<\/p>\n<p>Por cualquier consulta pueden comunicarse con el IRI telef\u00f3nicamente o v\u00eda e-mail a\u00a0<a href=\"mailto:biblioteca@iri.edu.ar\">biblioteca@iri.edu.ar<\/a><\/p>\n<\/div><\/div>\n\n\n\n\t\t\t<div class=\"wp-block-uagb-post-grid uagb-post-grid  uagb-post__image-position-top uagb-post__image-enabled uagb-block-9a4009df     uagb-post__items uagb-post__columns-3 is-grid uagb-post__columns-tablet-2 uagb-post__columns-mobile-1 uagb-post__equal-height\" data-total=\"1\" style=\"\">\n\n\t\t\t\t\t\t\t\t\t\t\t\t<article class=\"uagb-post__inner-wrap\">\t\t\t\t\t\t\t\t<h4 class=\"uagb-post__title uagb-post__text\">\n\t\t\t\t<a href=\"https:\/\/www.iri.edu.ar\/index.php\/2024\/12\/11\/memorias-2\/\" target=\"_self\" rel=\"bookmark noopener noreferrer\">Memorias<\/a>\n\t\t\t<\/h4>\n\t\t\t\t\t\t<div class='uagb-post__text uagb-post-grid-byline'>\n\t\t\t\t\t\t\t<\/div>\n\t\t\t\t\t\t\t<div class='uagb-post__text uagb-post__excerpt'>\n\t\t\t\t\tLa presente secci\u00f3n tiene como prop\u00f3sito reflejar las actividades del IRI realizadas en el transcurso del a\u00f1o calendario.\r\n<ul>\r\n \t<li><a href=\"http:\/\/www.iri.edu.ar\/wp-content\/uploads\/2026\/03\/Memorias-2025.pdf\"><strong>MEMORIAS 2025<\/strong><\/a><\/li>\r\n \t<li><a href=\"http:\/\/www.iri.edu.ar\/wp-content\/uploads\/2025\/05\/Memorias-IRI-2024.pdf\"><strong>MEMORIAS 2024<\/strong><\/a><\/li>\r\n \t<li><a href=\"http:\/\/www.iri.edu.ar\/wp-content\/uploads\/2024\/04\/Memorias-2023.pdf\"><strong>MEMORIAS 2023<\/strong><\/a><\/li>\r\n \t<li><a href=\"http:\/\/www.iri.edu.ar\/wp-content\/uploads\/2023\/02\/Memorias-2021.pdf\"><strong>MEMORIAS 2022<\/strong><\/a><\/li>\r\n \t<li><a href=\"http:\/\/www.iri.edu.ar\/wp-content\/uploads\/2023\/02\/Memorias-2021.pdf\"><strong>MEMORIAS 2021<\/strong><\/a><\/li>\r\n \t<li><a href=\"http:\/\/www.iri.edu.ar\/wp-content\/uploads\/2023\/02\/Memorias-2020.pdf\"><strong>MEMORIAS 2020<\/strong><\/a><\/li>\r\n \t<li><a href=\"http:\/\/www.iri.edu.ar\/wp-content\/uploads\/2023\/02\/Memorias-2019.pdf\"><strong>MEMORIAS 2019<\/strong><\/a><\/li>\r\n \t<li><a href=\"http:\/\/www.iri.edu.ar\/wp-content\/uploads\/2023\/02\/Memorias-2018.pdf\"><strong>MEMORIAS 2018<\/strong><\/a><\/li>\r\n \t<li><a href=\"http:\/\/www.iri.edu.ar\/wp-content\/uploads\/2023\/02\/Memorias-2017.pdf\"><strong>MEMORIAS 2017<\/strong><\/a><\/li>\r\n \t<li><a href=\"http:\/\/www.iri.edu.ar\/wp-content\/uploads\/2023\/02\/Memorias-2016.pdf\"><strong>MEMORIAS 2016<\/strong><\/a><\/li>\r\n \t<li><a href=\"http:\/\/www.iri.edu.ar\/wp-content\/uploads\/2023\/02\/Memorias-2015.pdf\"><strong>MEMORIAS 2015<\/strong><\/a><\/li>\r\n<\/ul>\t\t\t\t<\/div>\n\t\t\t\t\t\t<div class=\"uagb-post__text uagb-post__cta wp-block-button\">\n\t\t\t\t<a class=\"wp-block-button__link uagb-text-link\" href=\"https:\/\/www.iri.edu.ar\/index.php\/2024\/12\/11\/memorias-2\/\" target=\"_self\" rel=\"bookmark noopener noreferrer\">Leer m\u00e1s<\/a>\n\t\t\t<\/div>\n\t\t\t\t\t\t\t\t\t\t\t\t<\/article>\n\t\t\t\t\t\t\t\t\t\t\t<\/div>\n\t\t\t","protected":false},"excerpt":{"rendered":"<p>Organigrama Presentaci\u00f3n \u201cEste es un \u00e1mbito que la Universidad Nacional de La Plata le deb\u00eda a la sociedad argentina\u201dParte del discurso del ex Presidente de la UNLP Prof. Dr. \u00c1ngel L. Plastino con motivo de la inauguraci\u00f3n del Instituto el 28 de septiembre de 1990. El Instituto de Relaciones Internacionales fue creado el 28 de [&hellip;]<\/p>\n","protected":false},"author":13,"featured_media":0,"parent":0,"menu_order":0,"comment_status":"closed","ping_status":"closed","template":"","meta":{"_uag_custom_page_level_css":"","_monsterinsights_skip_tracking":false,"_monsterinsights_sitenote_active":false,"_monsterinsights_sitenote_note":"","_monsterinsights_sitenote_category":0,"footnotes":""},"uagb_featured_image_src":{"full":false,"thumbnail":false,"medium":false,"medium_large":false,"large":false,"1536x1536":false,"2048x2048":false,"ocean-thumb-m":false,"ocean-thumb-ml":false,"ocean-thumb-l":false,"sow-carousel-default":false,"sow-blog-portfolio":false,"sow-blog-grid":false,"sow-blog-alternate":false},"uagb_author_info":{"display_name":"Julian Berton","author_link":"https:\/\/www.iri.edu.ar\/index.php\/author\/julianb\/"},"uagb_comment_info":0,"uagb_excerpt":"Organigrama Presentaci\u00f3n \u201cEste es un \u00e1mbito que la Universidad Nacional de La Plata le deb\u00eda a la sociedad argentina\u201dParte del discurso del ex Presidente de la UNLP Prof. Dr. \u00c1ngel L. Plastino con motivo de la inauguraci\u00f3n del Instituto el 28 de septiembre de 1990. El Instituto de Relaciones Internacionales fue creado el 28 de&hellip;","_links":{"self":[{"href":"https:\/\/www.iri.edu.ar\/index.php\/wp-json\/wp\/v2\/pages\/28804"}],"collection":[{"href":"https:\/\/www.iri.edu.ar\/index.php\/wp-json\/wp\/v2\/pages"}],"about":[{"href":"https:\/\/www.iri.edu.ar\/index.php\/wp-json\/wp\/v2\/types\/page"}],"author":[{"embeddable":true,"href":"https:\/\/www.iri.edu.ar\/index.php\/wp-json\/wp\/v2\/users\/13"}],"replies":[{"embeddable":true,"href":"https:\/\/www.iri.edu.ar\/index.php\/wp-json\/wp\/v2\/comments?post=28804"}],"version-history":[{"count":29,"href":"https:\/\/www.iri.edu.ar\/index.php\/wp-json\/wp\/v2\/pages\/28804\/revisions"}],"predecessor-version":[{"id":44142,"href":"https:\/\/www.iri.edu.ar\/index.php\/wp-json\/wp\/v2\/pages\/28804\/revisions\/44142"}],"wp:attachment":[{"href":"https:\/\/www.iri.edu.ar\/index.php\/wp-json\/wp\/v2\/media?parent=28804"}],"curies":[{"name":"wp","href":"https:\/\/api.w.org\/{rel}","templated":true}]}}