{"id":710,"date":"2015-12-09T12:29:31","date_gmt":"2015-12-09T12:29:31","guid":{"rendered":"http:\/\/www.iri.edu.ar\/?page_id=710"},"modified":"2016-04-01T14:01:29","modified_gmt":"2016-04-01T14:01:29","slug":"alumnos","status":"publish","type":"page","link":"https:\/\/www.iri.edu.ar\/index.php\/alumnos\/","title":{"rendered":"ALUMNOS"},"content":{"rendered":"<p style=\"text-align: center;\"><strong>ACTIVIDADES Y PREMIOS DE LOS ALUMNOS<\/strong><\/p>\n<p>Nos agrada informar que el alumno <strong>Fabio Pistritto<\/strong> (promoci\u00f3n 2014-2015), ha sido aceptado en el programa de intercambio <strong>STEP in Russian Energy (Society, Technology, Environment, Policy)<\/strong> en la <em>Universidad Estatal de Tyumen-Rusia<\/em>. El programa est\u00e1 destinado a estudiantes interesados en ampliar sus conocimientos en el funcionamiento del sector energ\u00e9tico ruso.<br \/>\nFueron aceptados 25 alumnos de todo el mundo, de distintas ramas de las ciencias sociales y econ\u00f3micas para optimizar un enfoque multidisciplinar.<br \/>\nEl curso se dicta en el idioma ingl\u00e9s y las materias desarrollan tem\u00e1ticas sobre el Comercio Exterior en Rusia, el sector petrolero y gas\u00edfero, Derecho de los hidrocarburos \u2013 entre otras-.<br \/>\nAdem\u00e1s los alumnos reciben clases del idioma ruso para llevar a cabo una pasant\u00eda en diferentes empresas que apoyan el proyecto, como Gazprom, Rostneft y Schlumberger.<\/p>\n<p>Con fecha 14 de octubre de 2015 el alumno de segundo a\u00f1o de la Maestr\u00eda en Relaciones Internacionales, <strong>Fabio Pistritto<\/strong> particip\u00f3 en representaci\u00f3n de la carrera en la simulaci\u00f3n interuniversitaria de Consejo de Seguridad de Naciones Unidas, organizado por Universidad de San Andr\u00e9s junto con Politeia, obteniendo la delegaci\u00f3n que integraba, la distinci\u00f3n del primer lugar en la competencia.<br \/>\nEn el evento participaron 25 delegaciones de las siguientes universidades:<br \/>\nUniversidad de Buenos Aires, Universidad de Belgrano, Universidad de Palermo, Universidad de San Andres, Universidad del Salvador, Universidad Militar de Nueva Granada, Universidad Nacional de La Plata, Universidad Nacional del Sur, Instituto Universitario Nacional del Arte y Universidad Torcuato Di Tella.<\/p>\n<p>Los alumnos <strong>Lucas Pavez<\/strong> y <strong>Veronica Marchioni<\/strong> obtuvieron en el a\u00f1o 2015 la beca al 50 % que otorga la Facultad de Ciencias Jur\u00eddicas y Sociales para cursar el segundo y primer a\u00f1o de la Maestr\u00eda en Relaciones Internacionales respectivamente.<\/p>\n<p><strong>Dulce Daniela Chaves<\/strong> (alumna de la promoci\u00f3n 2011): Obtuvo la Beca Interna Doctoral del Consejo Nacional de Investigaciones Cient\u00edficas y T\u00e9cnicas (CONICET), por el proyecto de investigaci\u00f3n <em>\u201cG\u00e9nero y pol\u00edtica exterior: la ruptura de la tradici\u00f3n patriarcal en la toma de decisiones en Am\u00e9rica Latina y el Caribe\u201d<\/em>. La duraci\u00f3n de la misma abarca el per\u00edodo junio del 2014- marzo del 2019; siendo el lugar de trabajo de la alumna el Instituto de Relaciones Internacionales, UNLP<\/p>\n<p><strong>Lucas Pavez (alumno de primer a\u00f1o \u2013 2014)<\/strong>: Primer Premio de la Categor\u00eda Graduados de la Segunda Edici\u00f3n del Concurso de Ensayos Asociaci\u00f3n de Naciones del Sudeste Asi\u00e1tico (ANSEA). Embajadas de los pa\u00edses miembros de la ANSEA en Argentina. Con el escrito: <em>\u201cCELAC-ASEAN. \u00bfNueva Oportunidad para la Cooperaci\u00f3n Sur-Sur?\u201d<\/em>.<\/p>\n<p><strong>Lucas Oro Hershtein (alumno de primer a\u00f1o \u2013 2014)<\/strong>: Ganador del Concurso de Ensayos \u00bfQu\u00e9 se sobre Azerbaiy\u00e1n?, organizado por el Ministerio de Juventud y Deporte de la Rep\u00fablica de Azerbaiy\u00e1n con la colaboraci\u00f3n de la C\u00e1tedra de Estudios de Azerbaiy\u00e1n (Universidad Nacional de La Plata), edici\u00f3n 2013-2014.<\/p>\n<p>Tenemos el agrado de informar que cuatro alumnos de la Maestr\u00eda en Relaciones Internacionales de la promoci\u00f3n 2012\/13, <strong>Federico Borrone, Irina Golda Lamadrid, Mar\u00eda Cristina Perez Ruiz, Elizabeth Rojas Londo\u00f1o<\/strong>, participaron en el proceso de selecci\u00f3n internacional, siendo beneficiados con el PROGRAMA DE BECA DE ALTOS ESTUDIOS DE LA UNIVERSIDAD LAVAL, QUEBEC, CANAD\u00c1, en virtud del convenio que el Instituto de Relaciones Internacionales de la UNLP ratific\u00f3 oportunamente con el Instituto de Altos Estudios Internacionales de la mencionada Universidad.<br \/>\nEl programa ha permitido becar a los estudiantes para que realicen una estad\u00eda de investigaci\u00f3n de 6 meses con la ayuda del Ministerio de Asuntos Extranjeros y Comercio Internacional de Canad\u00e1.<\/p>\n<p>Tenemos el agrado de informar que la alumna de segundo a\u00f1o de la Maestr\u00eda, <strong>Laura Marifil (promoci\u00f3n 2011)<\/strong>, ha sido beneficiada por la Oficina de Comunicaciones del PNUD para realizar una pasant\u00eda de dos meses (noviembre y diciembre de 2012), en el Departamento de Traducciones de la sede de Nueva York del mencionado Organismo Internacional.<br \/>\nEs necesario destacar que esta postulaci\u00f3n ha contado con el aval del Instituto de Relaciones Internacionales, felicitando a Laura por este logro alcanzado.<\/p>\n","protected":false},"excerpt":{"rendered":"<p>ACTIVIDADES Y PREMIOS DE LOS ALUMNOS Nos agrada informar que el alumno Fabio Pistritto (promoci\u00f3n 2014-2015), ha sido aceptado en el programa de intercambio STEP in Russian Energy (Society, Technology, Environment, Policy) en la Universidad Estatal de Tyumen-Rusia. El programa est\u00e1 destinado a estudiantes interesados en ampliar sus conocimientos en el funcionamiento del sector energ\u00e9tico [&hellip;]<\/p>\n","protected":false},"author":1,"featured_media":0,"parent":0,"menu_order":0,"comment_status":"closed","ping_status":"closed","template":"","meta":{"_uag_custom_page_level_css":"","_monsterinsights_skip_tracking":false,"_monsterinsights_sitenote_active":false,"_monsterinsights_sitenote_note":"","_monsterinsights_sitenote_category":0,"footnotes":""},"uagb_featured_image_src":{"full":false,"thumbnail":false,"medium":false,"medium_large":false,"large":false,"1536x1536":false,"2048x2048":false,"ocean-thumb-m":false,"ocean-thumb-ml":false,"ocean-thumb-l":false,"sow-carousel-default":false,"sow-blog-portfolio":false,"sow-blog-grid":false,"sow-blog-alternate":false},"uagb_author_info":{"display_name":"webadmin","author_link":"https:\/\/www.iri.edu.ar\/index.php\/author\/webadmin\/"},"uagb_comment_info":0,"uagb_excerpt":"ACTIVIDADES Y PREMIOS DE LOS ALUMNOS Nos agrada informar que el alumno Fabio Pistritto (promoci\u00f3n 2014-2015), ha sido aceptado en el programa de intercambio STEP in Russian Energy (Society, Technology, Environment, Policy) en la Universidad Estatal de Tyumen-Rusia. El programa est\u00e1 destinado a estudiantes interesados en ampliar sus conocimientos en el funcionamiento del sector energ\u00e9tico&hellip;","_links":{"self":[{"href":"https:\/\/www.iri.edu.ar\/index.php\/wp-json\/wp\/v2\/pages\/710"}],"collection":[{"href":"https:\/\/www.iri.edu.ar\/index.php\/wp-json\/wp\/v2\/pages"}],"about":[{"href":"https:\/\/www.iri.edu.ar\/index.php\/wp-json\/wp\/v2\/types\/page"}],"author":[{"embeddable":true,"href":"https:\/\/www.iri.edu.ar\/index.php\/wp-json\/wp\/v2\/users\/1"}],"replies":[{"embeddable":true,"href":"https:\/\/www.iri.edu.ar\/index.php\/wp-json\/wp\/v2\/comments?post=710"}],"version-history":[{"count":12,"href":"https:\/\/www.iri.edu.ar\/index.php\/wp-json\/wp\/v2\/pages\/710\/revisions"}],"predecessor-version":[{"id":1946,"href":"https:\/\/www.iri.edu.ar\/index.php\/wp-json\/wp\/v2\/pages\/710\/revisions\/1946"}],"wp:attachment":[{"href":"https:\/\/www.iri.edu.ar\/index.php\/wp-json\/wp\/v2\/media?parent=710"}],"curies":[{"name":"wp","href":"https:\/\/api.w.org\/{rel}","templated":true}]}}