{"id":713,"date":"2015-12-09T12:34:17","date_gmt":"2015-12-09T12:34:17","guid":{"rendered":"http:\/\/www.iri.edu.ar\/?page_id=713"},"modified":"2016-04-27T21:24:26","modified_gmt":"2016-04-27T21:24:26","slug":"tramites-para-alumnos-migratorios","status":"publish","type":"page","link":"https:\/\/www.iri.edu.ar\/index.php\/tramites-para-alumnos-migratorios\/","title":{"rendered":"TR\u00c1MITES PARA ALUMNOS MIGRATORIOS"},"content":{"rendered":"<p><strong>1\u00ba<\/strong> La Direcci\u00f3n de la Maestr\u00eda en Relaciones Internacionales solicita una nota de alumno regular en la Secretaria de Posgrado de la Facultad de Ciencias Jur\u00eddicas y Sociales de la UNLP.<\/p>\n<p><strong>2\u00ba<\/strong> Se procede a la certificaci\u00f3n de la firma de las autoridades de la Secretar\u00eda de Posgrado, en Secci\u00f3n T\u00edtulos de la UNLP (de 9 a 14 hs. en Rectorado, calle 7 N\u00ba 776). El tr\u00e1mite es personal y tiene un costo de 50 pesos.<\/p>\n<p><strong>3\u00ba<\/strong> Con la carta certificada el alumno tendr\u00e1 que dirigirse a la Direcci\u00f3n de Nacional Migraciones:<\/p>\n<p>Sede Buenos Aires Domicilio: Av. Ant\u00e1rtida Argentina 1355, Tel\u00e9fono \/ Fax: (011)4317-0234 (Lineas Rotativas), Horario: lunes a viernes 07:30 a 18:00 hs.<\/p>\n<p>Sede La Plata Domicilio: Calle 1 N\u00ba 591 (entre 43 y 44), Tel\u00e9fono \/ Fax: 0221-4217696 \/ 4833229 Horario: 08:00 a 16:00 hs.<\/p>\n<p><a href=\"http:\/\/www.migraciones.gov.ar\/\" target=\"_blank\">http:\/\/www.migraciones.gov.ar\/<\/a><\/p>\n","protected":false},"excerpt":{"rendered":"<p>1\u00ba La Direcci\u00f3n de la Maestr\u00eda en Relaciones Internacionales solicita una nota de alumno regular en la Secretaria de Posgrado de la Facultad de Ciencias Jur\u00eddicas y Sociales de la UNLP. 2\u00ba Se procede a la certificaci\u00f3n de la firma de las autoridades de la Secretar\u00eda de Posgrado, en Secci\u00f3n T\u00edtulos de la UNLP (de [&hellip;]<\/p>\n","protected":false},"author":1,"featured_media":0,"parent":0,"menu_order":0,"comment_status":"closed","ping_status":"closed","template":"","meta":{"_uag_custom_page_level_css":"","_monsterinsights_skip_tracking":false,"_monsterinsights_sitenote_active":false,"_monsterinsights_sitenote_note":"","_monsterinsights_sitenote_category":0,"footnotes":""},"uagb_featured_image_src":{"full":false,"thumbnail":false,"medium":false,"medium_large":false,"large":false,"1536x1536":false,"2048x2048":false,"ocean-thumb-m":false,"ocean-thumb-ml":false,"ocean-thumb-l":false,"sow-carousel-default":false,"sow-blog-portfolio":false,"sow-blog-grid":false,"sow-blog-alternate":false},"uagb_author_info":{"display_name":"webadmin","author_link":"https:\/\/www.iri.edu.ar\/index.php\/author\/webadmin\/"},"uagb_comment_info":0,"uagb_excerpt":"1\u00ba La Direcci\u00f3n de la Maestr\u00eda en Relaciones Internacionales solicita una nota de alumno regular en la Secretaria de Posgrado de la Facultad de Ciencias Jur\u00eddicas y Sociales de la UNLP. 2\u00ba Se procede a la certificaci\u00f3n de la firma de las autoridades de la Secretar\u00eda de Posgrado, en Secci\u00f3n T\u00edtulos de la UNLP (de&hellip;","_links":{"self":[{"href":"https:\/\/www.iri.edu.ar\/index.php\/wp-json\/wp\/v2\/pages\/713"}],"collection":[{"href":"https:\/\/www.iri.edu.ar\/index.php\/wp-json\/wp\/v2\/pages"}],"about":[{"href":"https:\/\/www.iri.edu.ar\/index.php\/wp-json\/wp\/v2\/types\/page"}],"author":[{"embeddable":true,"href":"https:\/\/www.iri.edu.ar\/index.php\/wp-json\/wp\/v2\/users\/1"}],"replies":[{"embeddable":true,"href":"https:\/\/www.iri.edu.ar\/index.php\/wp-json\/wp\/v2\/comments?post=713"}],"version-history":[{"count":5,"href":"https:\/\/www.iri.edu.ar\/index.php\/wp-json\/wp\/v2\/pages\/713\/revisions"}],"predecessor-version":[{"id":2410,"href":"https:\/\/www.iri.edu.ar\/index.php\/wp-json\/wp\/v2\/pages\/713\/revisions\/2410"}],"wp:attachment":[{"href":"https:\/\/www.iri.edu.ar\/index.php\/wp-json\/wp\/v2\/media?parent=713"}],"curies":[{"name":"wp","href":"https:\/\/api.w.org\/{rel}","templated":true}]}}